{"id":329,"date":"2023-05-10T16:53:08","date_gmt":"2023-05-10T16:53:08","guid":{"rendered":"https:\/\/wine4u.dk\/?post_type=product&#038;p=329"},"modified":"2026-02-28T22:16:49","modified_gmt":"2026-02-28T22:16:49","slug":"pouilly-fuisse-louis-jadot-2021-beaune-bourgogne","status":"publish","type":"product","link":"https:\/\/wine4u.dk\/?product=pouilly-fuisse-louis-jadot-2021-beaune-bourgogne","title":{"rendered":"Pouilly Fuisse, Louis Jadot, 2021, Beaune, Bourgogne, Frankrig"},"content":{"rendered":"<section class=\"px15 pt50 pb35 center details mb40\" data-v-7862134c=\"\">\n<div class=\"h4 details-wrapper details-wrapper--open\" data-v-7862134c=\"\">\n<div class=\"details-inner-wrapper\" data-v-7862134c=\"\">\n<div class=\"lh30 h5\" data-v-7862134c=\"\">\n<p>Vinmarkerne til Louis Jadot Pouilly-Fuiss\u00e9 ligger i det sydlige Bourgogne, mod den nordlige del af Beaujolais i hjertet af de store hvide Burgundere; Fuiss\u00e9, Pouilly, Loch\u00e9, Vizelles og Saint V\u00e9ran. Man laver kun Pouilly-Fuiss\u00e9-vin p\u00e5 Chardonnay-druer, produktionen er ret lille, og druerne kommer fra skr\u00e5ninger fra Fuiss\u00e9, Soluttr\u00e9, Pouilly, Vergisson og Chaintr\u00e9, som alle har et terroir med jordbund af ler og kridt fra den Jurassiske tidsalder for mange millioner \u00e5r siden. En del af vinen er lagret p\u00e5 \u00e5bne kar, en anden del p\u00e5 egetr\u00e6sfade, og til sammen giver det p\u00e5 den ene side struktur i vinen, p\u00e5 den anden side frugt og total friskhed. Vinen har gyldne toner, harmonisk palette med hasseln\u00f8d, ristede mandler, grapefrugt og citroner som de dominerende noter.<\/p>\n<\/div>\n<\/div>\n<\/div>\n<\/section>\n<section class=\"wine-color-description\" data-v-7862134c=\"\">\n<div class=\"wine-color-description-item mb40 Gul-item\" data-v-7862134c=\"\">\n<div class=\"mb10 wine-color-item pointer\" data-v-7862134c=\"\"><span data-v-7862134c=\"\">Cremet &amp; rank <\/span><\/div>\n<div data-v-7862134c=\"\">\n<div class=\"mb10\" data-v-7862134c=\"\">Vin med en cremet mundf\u00f8lelse og frisk bagvedliggende syre. Et aromabillede, der domineres af modne gyldne frugter og indslag fra fadlagring. Vin i den h\u00f8je kvalitetsklasse. Vinen serveres til cremede retter med fisk eller fjerkr\u00e6.<\/div>\n<\/div>\n<\/div>\n<\/section>\n","protected":false},"excerpt":{"rendered":"<p>Vinmarkerne til Louis Jadot Pouilly-Fuiss\u00e9 ligger i det sydlige Bourgogne, mod den nordlige del af Beaujolais i hjertet af de store hvide Burgundere; Fuiss\u00e9, Pouilly, Loch\u00e9, Vizelles og Saint V\u00e9ran. Man laver kun Pouilly-Fuiss\u00e9-vin p\u00e5 Chardonnay-druer, produktionen er ret lille, og druerne kommer fra skr\u00e5ninger fra Fuiss\u00e9, Soluttr\u00e9, Pouilly, Vergisson og Chaintr\u00e9, som alle har [&hellip;]<\/p>\n","protected":false},"featured_media":330,"comment_status":"open","ping_status":"closed","template":"","meta":[],"product_brand":[],"product_cat":[34],"product_tag":[180,179,178],"class_list":{"0":"post-329","1":"product","2":"type-product","3":"status-publish","4":"has-post-thumbnail","6":"product_cat-frankrig-hvidvin","7":"product_tag-beaune","8":"product_tag-louis-jadot","9":"product_tag-pouilly-fuisse","11":"first","12":"instock","13":"sale","14":"taxable","15":"shipping-taxable","16":"purchasable","17":"product-type-simple"},"yoast_head":"<!-- This site is optimized with the Yoast SEO plugin v27.5 - https:\/\/yoast.com\/product\/yoast-seo-wordpress\/ -->\n<title>Pouilly Fuisse, Louis Jadot, 2021, Beaune, Bourgogne, Frankrig - Wine4U.dk<\/title>\n<meta name=\"robots\" content=\"index, follow, max-snippet:-1, max-image-preview:large, max-video-preview:-1\" \/>\n<link rel=\"canonical\" href=\"https:\/\/wine4u.dk\/?product=pouilly-fuisse-louis-jadot-2021-beaune-bourgogne\" \/>\n<meta property=\"og:locale\" content=\"da_DK\" \/>\n<meta property=\"og:type\" content=\"article\" \/>\n<meta property=\"og:title\" content=\"Pouilly Fuisse, Louis Jadot, 2021, Beaune, Bourgogne, Frankrig - Wine4U.dk\" \/>\n<meta property=\"og:description\" content=\"Vinmarkerne til Louis Jadot Pouilly-Fuiss\u00e9 ligger i det sydlige Bourgogne, mod den nordlige del af Beaujolais i hjertet af de store hvide Burgundere; Fuiss\u00e9, Pouilly, Loch\u00e9, Vizelles og Saint V\u00e9ran. Man laver kun Pouilly-Fuiss\u00e9-vin p\u00e5 Chardonnay-druer, produktionen er ret lille, og druerne kommer fra skr\u00e5ninger fra Fuiss\u00e9, Soluttr\u00e9, Pouilly, Vergisson og Chaintr\u00e9, som alle har [&hellip;]\" \/>\n<meta property=\"og:url\" content=\"https:\/\/wine4u.dk\/?product=pouilly-fuisse-louis-jadot-2021-beaune-bourgogne\" \/>\n<meta property=\"og:site_name\" content=\"Wine4U.dk\" \/>\n<meta property=\"article:modified_time\" content=\"2026-02-28T22:16:49+00:00\" \/>\n<meta property=\"og:image\" content=\"https:\/\/wine4u.dk\/wp-content\/uploads\/2023\/05\/IMG_3238-scaled.jpeg\" \/>\n\t<meta property=\"og:image:width\" content=\"1920\" \/>\n\t<meta property=\"og:image:height\" content=\"2560\" \/>\n\t<meta property=\"og:image:type\" content=\"image\/jpeg\" \/>\n<meta name=\"twitter:card\" content=\"summary_large_image\" \/>\n<meta name=\"twitter:label1\" content=\"Estimeret l\u00e6setid\" \/>\n\t<meta name=\"twitter:data1\" content=\"1 minut\" \/>\n<script type=\"application\/ld+json\" class=\"yoast-schema-graph\">{\"@context\":\"https:\\\/\\\/schema.org\",\"@graph\":[{\"@type\":\"WebPage\",\"@id\":\"https:\\\/\\\/wine4u.dk\\\/?product=pouilly-fuisse-louis-jadot-2021-beaune-bourgogne\",\"url\":\"https:\\\/\\\/wine4u.dk\\\/?product=pouilly-fuisse-louis-jadot-2021-beaune-bourgogne\",\"name\":\"Pouilly Fuisse, Louis Jadot, 2021, Beaune, Bourgogne, Frankrig - Wine4U.dk\",\"isPartOf\":{\"@id\":\"https:\\\/\\\/wine4u.dk\\\/#website\"},\"primaryImageOfPage\":{\"@id\":\"https:\\\/\\\/wine4u.dk\\\/?product=pouilly-fuisse-louis-jadot-2021-beaune-bourgogne#primaryimage\"},\"image\":{\"@id\":\"https:\\\/\\\/wine4u.dk\\\/?product=pouilly-fuisse-louis-jadot-2021-beaune-bourgogne#primaryimage\"},\"thumbnailUrl\":\"https:\\\/\\\/wine4u.dk\\\/wp-content\\\/uploads\\\/2023\\\/05\\\/IMG_3238-scaled.jpeg\",\"datePublished\":\"2023-05-10T16:53:08+00:00\",\"dateModified\":\"2026-02-28T22:16:49+00:00\",\"breadcrumb\":{\"@id\":\"https:\\\/\\\/wine4u.dk\\\/?product=pouilly-fuisse-louis-jadot-2021-beaune-bourgogne#breadcrumb\"},\"inLanguage\":\"da-DK\",\"potentialAction\":[{\"@type\":\"ReadAction\",\"target\":[\"https:\\\/\\\/wine4u.dk\\\/?product=pouilly-fuisse-louis-jadot-2021-beaune-bourgogne\"]}]},{\"@type\":\"ImageObject\",\"inLanguage\":\"da-DK\",\"@id\":\"https:\\\/\\\/wine4u.dk\\\/?product=pouilly-fuisse-louis-jadot-2021-beaune-bourgogne#primaryimage\",\"url\":\"https:\\\/\\\/wine4u.dk\\\/wp-content\\\/uploads\\\/2023\\\/05\\\/IMG_3238-scaled.jpeg\",\"contentUrl\":\"https:\\\/\\\/wine4u.dk\\\/wp-content\\\/uploads\\\/2023\\\/05\\\/IMG_3238-scaled.jpeg\",\"width\":1920,\"height\":2560},{\"@type\":\"BreadcrumbList\",\"@id\":\"https:\\\/\\\/wine4u.dk\\\/?product=pouilly-fuisse-louis-jadot-2021-beaune-bourgogne#breadcrumb\",\"itemListElement\":[{\"@type\":\"ListItem\",\"position\":1,\"name\":\"Hjem\",\"item\":\"https:\\\/\\\/wine4u.dk\\\/\"},{\"@type\":\"ListItem\",\"position\":2,\"name\":\"Varer\",\"item\":\"https:\\\/\\\/wine4u.dk\\\/?post_type=product\"},{\"@type\":\"ListItem\",\"position\":3,\"name\":\"Pouilly Fuisse, Louis Jadot, 2021, Beaune, Bourgogne, Frankrig\"}]},{\"@type\":\"WebSite\",\"@id\":\"https:\\\/\\\/wine4u.dk\\\/#website\",\"url\":\"https:\\\/\\\/wine4u.dk\\\/\",\"name\":\"Wine4U.dk\",\"description\":\"\",\"potentialAction\":[{\"@type\":\"SearchAction\",\"target\":{\"@type\":\"EntryPoint\",\"urlTemplate\":\"https:\\\/\\\/wine4u.dk\\\/?s={search_term_string}\"},\"query-input\":{\"@type\":\"PropertyValueSpecification\",\"valueRequired\":true,\"valueName\":\"search_term_string\"}}],\"inLanguage\":\"da-DK\"}]}<\/script>\n<!-- \/ Yoast SEO plugin. -->","yoast_head_json":{"title":"Pouilly Fuisse, Louis Jadot, 2021, Beaune, Bourgogne, Frankrig - Wine4U.dk","robots":{"index":"index","follow":"follow","max-snippet":"max-snippet:-1","max-image-preview":"max-image-preview:large","max-video-preview":"max-video-preview:-1"},"canonical":"https:\/\/wine4u.dk\/?product=pouilly-fuisse-louis-jadot-2021-beaune-bourgogne","og_locale":"da_DK","og_type":"article","og_title":"Pouilly Fuisse, Louis Jadot, 2021, Beaune, Bourgogne, Frankrig - Wine4U.dk","og_description":"Vinmarkerne til Louis Jadot Pouilly-Fuiss\u00e9 ligger i det sydlige Bourgogne, mod den nordlige del af Beaujolais i hjertet af de store hvide Burgundere; Fuiss\u00e9, Pouilly, Loch\u00e9, Vizelles og Saint V\u00e9ran. Man laver kun Pouilly-Fuiss\u00e9-vin p\u00e5 Chardonnay-druer, produktionen er ret lille, og druerne kommer fra skr\u00e5ninger fra Fuiss\u00e9, Soluttr\u00e9, Pouilly, Vergisson og Chaintr\u00e9, som alle har [&hellip;]","og_url":"https:\/\/wine4u.dk\/?product=pouilly-fuisse-louis-jadot-2021-beaune-bourgogne","og_site_name":"Wine4U.dk","article_modified_time":"2026-02-28T22:16:49+00:00","og_image":[{"width":1920,"height":2560,"url":"https:\/\/wine4u.dk\/wp-content\/uploads\/2023\/05\/IMG_3238-scaled.jpeg","type":"image\/jpeg"}],"twitter_card":"summary_large_image","twitter_misc":{"Estimeret l\u00e6setid":"1 minut"},"schema":{"@context":"https:\/\/schema.org","@graph":[{"@type":"WebPage","@id":"https:\/\/wine4u.dk\/?product=pouilly-fuisse-louis-jadot-2021-beaune-bourgogne","url":"https:\/\/wine4u.dk\/?product=pouilly-fuisse-louis-jadot-2021-beaune-bourgogne","name":"Pouilly Fuisse, Louis Jadot, 2021, Beaune, Bourgogne, Frankrig - Wine4U.dk","isPartOf":{"@id":"https:\/\/wine4u.dk\/#website"},"primaryImageOfPage":{"@id":"https:\/\/wine4u.dk\/?product=pouilly-fuisse-louis-jadot-2021-beaune-bourgogne#primaryimage"},"image":{"@id":"https:\/\/wine4u.dk\/?product=pouilly-fuisse-louis-jadot-2021-beaune-bourgogne#primaryimage"},"thumbnailUrl":"https:\/\/wine4u.dk\/wp-content\/uploads\/2023\/05\/IMG_3238-scaled.jpeg","datePublished":"2023-05-10T16:53:08+00:00","dateModified":"2026-02-28T22:16:49+00:00","breadcrumb":{"@id":"https:\/\/wine4u.dk\/?product=pouilly-fuisse-louis-jadot-2021-beaune-bourgogne#breadcrumb"},"inLanguage":"da-DK","potentialAction":[{"@type":"ReadAction","target":["https:\/\/wine4u.dk\/?product=pouilly-fuisse-louis-jadot-2021-beaune-bourgogne"]}]},{"@type":"ImageObject","inLanguage":"da-DK","@id":"https:\/\/wine4u.dk\/?product=pouilly-fuisse-louis-jadot-2021-beaune-bourgogne#primaryimage","url":"https:\/\/wine4u.dk\/wp-content\/uploads\/2023\/05\/IMG_3238-scaled.jpeg","contentUrl":"https:\/\/wine4u.dk\/wp-content\/uploads\/2023\/05\/IMG_3238-scaled.jpeg","width":1920,"height":2560},{"@type":"BreadcrumbList","@id":"https:\/\/wine4u.dk\/?product=pouilly-fuisse-louis-jadot-2021-beaune-bourgogne#breadcrumb","itemListElement":[{"@type":"ListItem","position":1,"name":"Hjem","item":"https:\/\/wine4u.dk\/"},{"@type":"ListItem","position":2,"name":"Varer","item":"https:\/\/wine4u.dk\/?post_type=product"},{"@type":"ListItem","position":3,"name":"Pouilly Fuisse, Louis Jadot, 2021, Beaune, Bourgogne, Frankrig"}]},{"@type":"WebSite","@id":"https:\/\/wine4u.dk\/#website","url":"https:\/\/wine4u.dk\/","name":"Wine4U.dk","description":"","potentialAction":[{"@type":"SearchAction","target":{"@type":"EntryPoint","urlTemplate":"https:\/\/wine4u.dk\/?s={search_term_string}"},"query-input":{"@type":"PropertyValueSpecification","valueRequired":true,"valueName":"search_term_string"}}],"inLanguage":"da-DK"}]}},"jetpack_sharing_enabled":true,"_links":{"self":[{"href":"https:\/\/wine4u.dk\/index.php?rest_route=\/wp\/v2\/product\/329","targetHints":{"allow":["GET"]}}],"collection":[{"href":"https:\/\/wine4u.dk\/index.php?rest_route=\/wp\/v2\/product"}],"about":[{"href":"https:\/\/wine4u.dk\/index.php?rest_route=\/wp\/v2\/types\/product"}],"replies":[{"embeddable":true,"href":"https:\/\/wine4u.dk\/index.php?rest_route=%2Fwp%2Fv2%2Fcomments&post=329"}],"wp:featuredmedia":[{"embeddable":true,"href":"https:\/\/wine4u.dk\/index.php?rest_route=\/wp\/v2\/media\/330"}],"wp:attachment":[{"href":"https:\/\/wine4u.dk\/index.php?rest_route=%2Fwp%2Fv2%2Fmedia&parent=329"}],"wp:term":[{"taxonomy":"product_brand","embeddable":true,"href":"https:\/\/wine4u.dk\/index.php?rest_route=%2Fwp%2Fv2%2Fproduct_brand&post=329"},{"taxonomy":"product_cat","embeddable":true,"href":"https:\/\/wine4u.dk\/index.php?rest_route=%2Fwp%2Fv2%2Fproduct_cat&post=329"},{"taxonomy":"product_tag","embeddable":true,"href":"https:\/\/wine4u.dk\/index.php?rest_route=%2Fwp%2Fv2%2Fproduct_tag&post=329"}],"curies":[{"name":"wp","href":"https:\/\/api.w.org\/{rel}","templated":true}]}}