{"id":141,"date":"2023-01-19T18:16:31","date_gmt":"2023-01-19T18:16:31","guid":{"rendered":"https:\/\/wine4u.dk\/?post_type=product&#038;p=141"},"modified":"2026-02-28T22:18:36","modified_gmt":"2026-02-28T22:18:36","slug":"muga-flor-de-muga-rioja-2020","status":"publish","type":"product","link":"https:\/\/wine4u.dk\/?product=muga-flor-de-muga-rioja-2020","title":{"rendered":"Muga, Flor de Muga, 2020, Rioja, Spanien"},"content":{"rendered":"<p>Mugas og en af Spaniens ypperste ros\u00e9vine laves p\u00e5 100% Garnacha fra 70-90 \u00e5r gamle vinstokke, der dyrkes p\u00e5 et af vinhusets bedste parceller. Efter en kort skalkontakt opn\u00e5r vinen sit rosenbladsfarvede ydre, og kun free-run-most h\u00e6ldes s\u00e5 videre i de b\u00e5de sm\u00e5 og meget store egetr\u00e6sfade, hvor g\u00e6ringen finder sted.<\/p>\n<p>Fadg\u00e6ring er i sig selv sj\u00e6lden for ros\u00e9, og det samme g\u00e6lder fadlagring. Ikke desto mindre slutter Flor de Muga af med 4 m\u00e5neders fadlagring p\u00e5 de bundf\u00e6ldne g\u00e6rrester (sur lie) for dermed at opbygge mere krop og kompleksitet f\u00f8r aftapningen i det tidlige for\u00e5r. Ved f\u00f8rste ind\u00e5nding fyldes n\u00e6sen med b\u00e5de frugtige elementer af modne jordb\u00e6r, fersken og appelsinskal fornemt viklet i rosenblade og str\u00f8et med kanel.<\/p>\n<p>Mundfornemmelsen er mineralsk og fabelagtigt frisk men i kraft af vinificeringen ogs\u00e5 forbl\u00f8ffende fyldig og cremet, hvilket ligger langt fra forestillingen om almindelig ros\u00e9 fra supermarkedet! Flor de Muga er dermed en helt fantastisk ledsager til mere komplekse og fyldige madretter, hvor de fleste andre ros\u00e9er m\u00e5 overgive sig.<\/p>\n<p>Pr\u00f8v den f.eks. til sommergrillen, n\u00e5r der kommer majs, barbequemarineret kylling, blandede rodfrugter og frugtige salater p\u00e5 menuen, og serv\u00e9r ved 10-12 grader inden for de n\u00e6ste 4-5 \u00e5r<\/p>\n<p><strong>Anmeldelser og point<\/strong><\/p>\n<p><strong>92 point &#8211; James Suckling<\/strong><\/p>\n<p><em>Pale pink-orange with a delicate nose of sea shells, thyme, fresh cherries and pomegranates. It\u2019s medium-bodied with vibrant acidity and a creamy, textured palate. Pretty, with excellent length and focus. 100% garnacha.\u00a0<\/em><\/p>\n<p><strong>4,1 stjerner p\u00e5 Vivino<\/strong><\/p>\n","protected":false},"excerpt":{"rendered":"<p>Mugas og en af Spaniens ypperste ros\u00e9vine laves p\u00e5 100% Garnacha fra 70-90 \u00e5r gamle vinstokke, der dyrkes p\u00e5 et af vinhusets bedste parceller. Efter en kort skalkontakt opn\u00e5r vinen sit rosenbladsfarvede ydre, og kun free-run-most h\u00e6ldes s\u00e5 videre i de b\u00e5de sm\u00e5 og meget store egetr\u00e6sfade, hvor g\u00e6ringen finder sted. Fadg\u00e6ring er i sig [&hellip;]<\/p>\n","protected":false},"featured_media":110,"comment_status":"open","ping_status":"closed","template":"","meta":[],"product_brand":[],"product_cat":[21],"product_tag":[109,108,110],"class_list":{"0":"post-141","1":"product","2":"type-product","3":"status-publish","4":"has-post-thumbnail","6":"product_cat-rosevin","7":"product_tag-flor-de-muga","8":"product_tag-muga","9":"product_tag-rioja","11":"first","12":"instock","13":"sale","14":"taxable","15":"shipping-taxable","16":"purchasable","17":"product-type-simple"},"yoast_head":"<!-- This site is optimized with the Yoast SEO plugin v27.5 - https:\/\/yoast.com\/product\/yoast-seo-wordpress\/ -->\n<title>Muga, Flor de Muga, 2020, Rioja, Spanien - Wine4U.dk<\/title>\n<meta name=\"robots\" content=\"index, follow, max-snippet:-1, max-image-preview:large, max-video-preview:-1\" \/>\n<link rel=\"canonical\" href=\"https:\/\/wine4u.dk\/?product=muga-flor-de-muga-rioja-2020\" \/>\n<meta property=\"og:locale\" content=\"da_DK\" \/>\n<meta property=\"og:type\" content=\"article\" \/>\n<meta property=\"og:title\" content=\"Muga, Flor de Muga, 2020, Rioja, Spanien - Wine4U.dk\" \/>\n<meta property=\"og:description\" content=\"Mugas og en af Spaniens ypperste ros\u00e9vine laves p\u00e5 100% Garnacha fra 70-90 \u00e5r gamle vinstokke, der dyrkes p\u00e5 et af vinhusets bedste parceller. Efter en kort skalkontakt opn\u00e5r vinen sit rosenbladsfarvede ydre, og kun free-run-most h\u00e6ldes s\u00e5 videre i de b\u00e5de sm\u00e5 og meget store egetr\u00e6sfade, hvor g\u00e6ringen finder sted. Fadg\u00e6ring er i sig [&hellip;]\" \/>\n<meta property=\"og:url\" content=\"https:\/\/wine4u.dk\/?product=muga-flor-de-muga-rioja-2020\" \/>\n<meta property=\"og:site_name\" content=\"Wine4U.dk\" \/>\n<meta property=\"article:modified_time\" content=\"2026-02-28T22:18:36+00:00\" \/>\n<meta property=\"og:image\" content=\"https:\/\/wine4u.dk\/wp-content\/uploads\/2023\/01\/79E05761-3D5B-43BA-9924-271A37FFD771_1_201_a-scaled.jpeg\" \/>\n\t<meta property=\"og:image:width\" content=\"1920\" \/>\n\t<meta property=\"og:image:height\" content=\"2560\" \/>\n\t<meta property=\"og:image:type\" content=\"image\/jpeg\" \/>\n<meta name=\"twitter:card\" content=\"summary_large_image\" \/>\n<meta name=\"twitter:label1\" content=\"Estimeret l\u00e6setid\" \/>\n\t<meta name=\"twitter:data1\" content=\"2 minutter\" \/>\n<script type=\"application\/ld+json\" class=\"yoast-schema-graph\">{\"@context\":\"https:\\\/\\\/schema.org\",\"@graph\":[{\"@type\":\"WebPage\",\"@id\":\"https:\\\/\\\/wine4u.dk\\\/?product=muga-flor-de-muga-rioja-2020\",\"url\":\"https:\\\/\\\/wine4u.dk\\\/?product=muga-flor-de-muga-rioja-2020\",\"name\":\"Muga, Flor de Muga, 2020, Rioja, Spanien - Wine4U.dk\",\"isPartOf\":{\"@id\":\"https:\\\/\\\/wine4u.dk\\\/#website\"},\"primaryImageOfPage\":{\"@id\":\"https:\\\/\\\/wine4u.dk\\\/?product=muga-flor-de-muga-rioja-2020#primaryimage\"},\"image\":{\"@id\":\"https:\\\/\\\/wine4u.dk\\\/?product=muga-flor-de-muga-rioja-2020#primaryimage\"},\"thumbnailUrl\":\"https:\\\/\\\/wine4u.dk\\\/wp-content\\\/uploads\\\/2023\\\/01\\\/79E05761-3D5B-43BA-9924-271A37FFD771_1_201_a-scaled.jpeg\",\"datePublished\":\"2023-01-19T18:16:31+00:00\",\"dateModified\":\"2026-02-28T22:18:36+00:00\",\"breadcrumb\":{\"@id\":\"https:\\\/\\\/wine4u.dk\\\/?product=muga-flor-de-muga-rioja-2020#breadcrumb\"},\"inLanguage\":\"da-DK\",\"potentialAction\":[{\"@type\":\"ReadAction\",\"target\":[\"https:\\\/\\\/wine4u.dk\\\/?product=muga-flor-de-muga-rioja-2020\"]}]},{\"@type\":\"ImageObject\",\"inLanguage\":\"da-DK\",\"@id\":\"https:\\\/\\\/wine4u.dk\\\/?product=muga-flor-de-muga-rioja-2020#primaryimage\",\"url\":\"https:\\\/\\\/wine4u.dk\\\/wp-content\\\/uploads\\\/2023\\\/01\\\/79E05761-3D5B-43BA-9924-271A37FFD771_1_201_a-scaled.jpeg\",\"contentUrl\":\"https:\\\/\\\/wine4u.dk\\\/wp-content\\\/uploads\\\/2023\\\/01\\\/79E05761-3D5B-43BA-9924-271A37FFD771_1_201_a-scaled.jpeg\",\"width\":1920,\"height\":2560},{\"@type\":\"BreadcrumbList\",\"@id\":\"https:\\\/\\\/wine4u.dk\\\/?product=muga-flor-de-muga-rioja-2020#breadcrumb\",\"itemListElement\":[{\"@type\":\"ListItem\",\"position\":1,\"name\":\"Hjem\",\"item\":\"https:\\\/\\\/wine4u.dk\\\/\"},{\"@type\":\"ListItem\",\"position\":2,\"name\":\"Varer\",\"item\":\"https:\\\/\\\/wine4u.dk\\\/?post_type=product\"},{\"@type\":\"ListItem\",\"position\":3,\"name\":\"Muga, Flor de Muga, 2020, Rioja, Spanien\"}]},{\"@type\":\"WebSite\",\"@id\":\"https:\\\/\\\/wine4u.dk\\\/#website\",\"url\":\"https:\\\/\\\/wine4u.dk\\\/\",\"name\":\"Wine4U.dk\",\"description\":\"\",\"potentialAction\":[{\"@type\":\"SearchAction\",\"target\":{\"@type\":\"EntryPoint\",\"urlTemplate\":\"https:\\\/\\\/wine4u.dk\\\/?s={search_term_string}\"},\"query-input\":{\"@type\":\"PropertyValueSpecification\",\"valueRequired\":true,\"valueName\":\"search_term_string\"}}],\"inLanguage\":\"da-DK\"}]}<\/script>\n<!-- \/ Yoast SEO plugin. -->","yoast_head_json":{"title":"Muga, Flor de Muga, 2020, Rioja, Spanien - Wine4U.dk","robots":{"index":"index","follow":"follow","max-snippet":"max-snippet:-1","max-image-preview":"max-image-preview:large","max-video-preview":"max-video-preview:-1"},"canonical":"https:\/\/wine4u.dk\/?product=muga-flor-de-muga-rioja-2020","og_locale":"da_DK","og_type":"article","og_title":"Muga, Flor de Muga, 2020, Rioja, Spanien - Wine4U.dk","og_description":"Mugas og en af Spaniens ypperste ros\u00e9vine laves p\u00e5 100% Garnacha fra 70-90 \u00e5r gamle vinstokke, der dyrkes p\u00e5 et af vinhusets bedste parceller. Efter en kort skalkontakt opn\u00e5r vinen sit rosenbladsfarvede ydre, og kun free-run-most h\u00e6ldes s\u00e5 videre i de b\u00e5de sm\u00e5 og meget store egetr\u00e6sfade, hvor g\u00e6ringen finder sted. Fadg\u00e6ring er i sig [&hellip;]","og_url":"https:\/\/wine4u.dk\/?product=muga-flor-de-muga-rioja-2020","og_site_name":"Wine4U.dk","article_modified_time":"2026-02-28T22:18:36+00:00","og_image":[{"width":1920,"height":2560,"url":"https:\/\/wine4u.dk\/wp-content\/uploads\/2023\/01\/79E05761-3D5B-43BA-9924-271A37FFD771_1_201_a-scaled.jpeg","type":"image\/jpeg"}],"twitter_card":"summary_large_image","twitter_misc":{"Estimeret l\u00e6setid":"2 minutter"},"schema":{"@context":"https:\/\/schema.org","@graph":[{"@type":"WebPage","@id":"https:\/\/wine4u.dk\/?product=muga-flor-de-muga-rioja-2020","url":"https:\/\/wine4u.dk\/?product=muga-flor-de-muga-rioja-2020","name":"Muga, Flor de Muga, 2020, Rioja, Spanien - Wine4U.dk","isPartOf":{"@id":"https:\/\/wine4u.dk\/#website"},"primaryImageOfPage":{"@id":"https:\/\/wine4u.dk\/?product=muga-flor-de-muga-rioja-2020#primaryimage"},"image":{"@id":"https:\/\/wine4u.dk\/?product=muga-flor-de-muga-rioja-2020#primaryimage"},"thumbnailUrl":"https:\/\/wine4u.dk\/wp-content\/uploads\/2023\/01\/79E05761-3D5B-43BA-9924-271A37FFD771_1_201_a-scaled.jpeg","datePublished":"2023-01-19T18:16:31+00:00","dateModified":"2026-02-28T22:18:36+00:00","breadcrumb":{"@id":"https:\/\/wine4u.dk\/?product=muga-flor-de-muga-rioja-2020#breadcrumb"},"inLanguage":"da-DK","potentialAction":[{"@type":"ReadAction","target":["https:\/\/wine4u.dk\/?product=muga-flor-de-muga-rioja-2020"]}]},{"@type":"ImageObject","inLanguage":"da-DK","@id":"https:\/\/wine4u.dk\/?product=muga-flor-de-muga-rioja-2020#primaryimage","url":"https:\/\/wine4u.dk\/wp-content\/uploads\/2023\/01\/79E05761-3D5B-43BA-9924-271A37FFD771_1_201_a-scaled.jpeg","contentUrl":"https:\/\/wine4u.dk\/wp-content\/uploads\/2023\/01\/79E05761-3D5B-43BA-9924-271A37FFD771_1_201_a-scaled.jpeg","width":1920,"height":2560},{"@type":"BreadcrumbList","@id":"https:\/\/wine4u.dk\/?product=muga-flor-de-muga-rioja-2020#breadcrumb","itemListElement":[{"@type":"ListItem","position":1,"name":"Hjem","item":"https:\/\/wine4u.dk\/"},{"@type":"ListItem","position":2,"name":"Varer","item":"https:\/\/wine4u.dk\/?post_type=product"},{"@type":"ListItem","position":3,"name":"Muga, Flor de Muga, 2020, Rioja, Spanien"}]},{"@type":"WebSite","@id":"https:\/\/wine4u.dk\/#website","url":"https:\/\/wine4u.dk\/","name":"Wine4U.dk","description":"","potentialAction":[{"@type":"SearchAction","target":{"@type":"EntryPoint","urlTemplate":"https:\/\/wine4u.dk\/?s={search_term_string}"},"query-input":{"@type":"PropertyValueSpecification","valueRequired":true,"valueName":"search_term_string"}}],"inLanguage":"da-DK"}]}},"jetpack_sharing_enabled":true,"_links":{"self":[{"href":"https:\/\/wine4u.dk\/index.php?rest_route=\/wp\/v2\/product\/141","targetHints":{"allow":["GET"]}}],"collection":[{"href":"https:\/\/wine4u.dk\/index.php?rest_route=\/wp\/v2\/product"}],"about":[{"href":"https:\/\/wine4u.dk\/index.php?rest_route=\/wp\/v2\/types\/product"}],"replies":[{"embeddable":true,"href":"https:\/\/wine4u.dk\/index.php?rest_route=%2Fwp%2Fv2%2Fcomments&post=141"}],"wp:featuredmedia":[{"embeddable":true,"href":"https:\/\/wine4u.dk\/index.php?rest_route=\/wp\/v2\/media\/110"}],"wp:attachment":[{"href":"https:\/\/wine4u.dk\/index.php?rest_route=%2Fwp%2Fv2%2Fmedia&parent=141"}],"wp:term":[{"taxonomy":"product_brand","embeddable":true,"href":"https:\/\/wine4u.dk\/index.php?rest_route=%2Fwp%2Fv2%2Fproduct_brand&post=141"},{"taxonomy":"product_cat","embeddable":true,"href":"https:\/\/wine4u.dk\/index.php?rest_route=%2Fwp%2Fv2%2Fproduct_cat&post=141"},{"taxonomy":"product_tag","embeddable":true,"href":"https:\/\/wine4u.dk\/index.php?rest_route=%2Fwp%2Fv2%2Fproduct_tag&post=141"}],"curies":[{"name":"wp","href":"https:\/\/api.w.org\/{rel}","templated":true}]}}