{"id":1116,"date":"2026-02-26T21:02:36","date_gmt":"2026-02-26T21:02:36","guid":{"rendered":"https:\/\/wine4u.dk\/?product=steenberg-1682-chardonnay-brut-western-cape-sydafrika"},"modified":"2026-03-01T19:36:40","modified_gmt":"2026-03-01T19:36:40","slug":"steenberg-1682-chardonnay-brut-western-cape-sydafrika","status":"publish","type":"product","link":"https:\/\/wine4u.dk\/?product=steenberg-1682-chardonnay-brut-western-cape-sydafrika","title":{"rendered":"Steenberg 1682, Chardonnay, Brut, Western Cape, Sydafrika"},"content":{"rendered":"<p>Steenberg 1682 Brut Chardonnay har en lys citrongul farve og en fin, delikat mousse. Den udstr\u00e5ler friskhed og ren frugt i duften, med livlige noter af Granny Smith\u2011\u00e6ble, kandiseret citronskal og hvid fersken.<\/p>\n<p>I munden er den livlig og viser b\u00e5de finesse og kompleksitet med en spr\u00f8d syre. Smagsnoterne byder p\u00e5 lemon cordial, honnings\u00f8de nektariner, ristet croissant og pistacie.<\/p>\n<p>Afslutningen er lang, men stadig frisk. Denne Cap Classique er den perfekte drik til enhver lejlighed.<\/p>\n","protected":false},"excerpt":{"rendered":"<p>Steenberg 1682 Brut Chardonnay har en lys citrongul farve og en fin, delikat mousse. Den udstr\u00e5ler friskhed og ren frugt i duften, med livlige noter af Granny Smith\u2011\u00e6ble, kandiseret citronskal og hvid fersken. I munden er den livlig og viser b\u00e5de finesse og kompleksitet med en spr\u00f8d syre. Smagsnoterne byder p\u00e5 lemon cordial, honnings\u00f8de nektariner, [&hellip;]<\/p>\n","protected":false},"featured_media":1115,"comment_status":"open","ping_status":"closed","template":"","meta":[],"product_brand":[],"product_cat":[19],"product_tag":[303,262,314,188,206],"class_list":{"0":"post-1116","1":"product","2":"type-product","3":"status-publish","4":"has-post-thumbnail","6":"product_cat-mousserende","7":"product_tag-brut","8":"product_tag-chardonnay","9":"product_tag-steenberg-1682","10":"product_tag-sydafrika","11":"product_tag-western-cape","13":"first","14":"instock","15":"sale","16":"taxable","17":"shipping-taxable","18":"purchasable","19":"product-type-simple"},"yoast_head":"<!-- This site is optimized with the Yoast SEO plugin v27.5 - https:\/\/yoast.com\/product\/yoast-seo-wordpress\/ -->\n<title>Steenberg 1682, Chardonnay, Brut, Western Cape, Sydafrika - Wine4U.dk<\/title>\n<meta name=\"robots\" content=\"index, follow, max-snippet:-1, max-image-preview:large, max-video-preview:-1\" \/>\n<link rel=\"canonical\" href=\"https:\/\/wine4u.dk\/?product=steenberg-1682-chardonnay-brut-western-cape-sydafrika\" \/>\n<meta property=\"og:locale\" content=\"da_DK\" \/>\n<meta property=\"og:type\" content=\"article\" \/>\n<meta property=\"og:title\" content=\"Steenberg 1682, Chardonnay, Brut, Western Cape, Sydafrika - Wine4U.dk\" \/>\n<meta property=\"og:description\" content=\"Steenberg 1682 Brut Chardonnay har en lys citrongul farve og en fin, delikat mousse. Den udstr\u00e5ler friskhed og ren frugt i duften, med livlige noter af Granny Smith\u2011\u00e6ble, kandiseret citronskal og hvid fersken. I munden er den livlig og viser b\u00e5de finesse og kompleksitet med en spr\u00f8d syre. Smagsnoterne byder p\u00e5 lemon cordial, honnings\u00f8de nektariner, [&hellip;]\" \/>\n<meta property=\"og:url\" content=\"https:\/\/wine4u.dk\/?product=steenberg-1682-chardonnay-brut-western-cape-sydafrika\" \/>\n<meta property=\"og:site_name\" content=\"Wine4U.dk\" \/>\n<meta property=\"article:modified_time\" content=\"2026-03-01T19:36:40+00:00\" \/>\n<meta property=\"og:image\" content=\"https:\/\/wine4u.dk\/wp-content\/uploads\/2026\/02\/img_5947-scaled.jpeg\" \/>\n\t<meta property=\"og:image:width\" content=\"1920\" \/>\n\t<meta property=\"og:image:height\" content=\"2560\" \/>\n\t<meta property=\"og:image:type\" content=\"image\/jpeg\" \/>\n<meta name=\"twitter:card\" content=\"summary_large_image\" \/>\n<meta name=\"twitter:label1\" content=\"Estimeret l\u00e6setid\" \/>\n\t<meta name=\"twitter:data1\" content=\"1 minut\" \/>\n<script type=\"application\/ld+json\" class=\"yoast-schema-graph\">{\"@context\":\"https:\\\/\\\/schema.org\",\"@graph\":[{\"@type\":\"WebPage\",\"@id\":\"https:\\\/\\\/wine4u.dk\\\/?product=steenberg-1682-chardonnay-brut-western-cape-sydafrika\",\"url\":\"https:\\\/\\\/wine4u.dk\\\/?product=steenberg-1682-chardonnay-brut-western-cape-sydafrika\",\"name\":\"Steenberg 1682, Chardonnay, Brut, Western Cape, Sydafrika - Wine4U.dk\",\"isPartOf\":{\"@id\":\"https:\\\/\\\/wine4u.dk\\\/#website\"},\"primaryImageOfPage\":{\"@id\":\"https:\\\/\\\/wine4u.dk\\\/?product=steenberg-1682-chardonnay-brut-western-cape-sydafrika#primaryimage\"},\"image\":{\"@id\":\"https:\\\/\\\/wine4u.dk\\\/?product=steenberg-1682-chardonnay-brut-western-cape-sydafrika#primaryimage\"},\"thumbnailUrl\":\"https:\\\/\\\/wine4u.dk\\\/wp-content\\\/uploads\\\/2026\\\/02\\\/img_5947-scaled.jpeg\",\"datePublished\":\"2026-02-26T21:02:36+00:00\",\"dateModified\":\"2026-03-01T19:36:40+00:00\",\"breadcrumb\":{\"@id\":\"https:\\\/\\\/wine4u.dk\\\/?product=steenberg-1682-chardonnay-brut-western-cape-sydafrika#breadcrumb\"},\"inLanguage\":\"da-DK\",\"potentialAction\":[{\"@type\":\"ReadAction\",\"target\":[\"https:\\\/\\\/wine4u.dk\\\/?product=steenberg-1682-chardonnay-brut-western-cape-sydafrika\"]}]},{\"@type\":\"ImageObject\",\"inLanguage\":\"da-DK\",\"@id\":\"https:\\\/\\\/wine4u.dk\\\/?product=steenberg-1682-chardonnay-brut-western-cape-sydafrika#primaryimage\",\"url\":\"https:\\\/\\\/wine4u.dk\\\/wp-content\\\/uploads\\\/2026\\\/02\\\/img_5947-scaled.jpeg\",\"contentUrl\":\"https:\\\/\\\/wine4u.dk\\\/wp-content\\\/uploads\\\/2026\\\/02\\\/img_5947-scaled.jpeg\",\"width\":1920,\"height\":2560},{\"@type\":\"BreadcrumbList\",\"@id\":\"https:\\\/\\\/wine4u.dk\\\/?product=steenberg-1682-chardonnay-brut-western-cape-sydafrika#breadcrumb\",\"itemListElement\":[{\"@type\":\"ListItem\",\"position\":1,\"name\":\"Hjem\",\"item\":\"https:\\\/\\\/wine4u.dk\\\/\"},{\"@type\":\"ListItem\",\"position\":2,\"name\":\"Varer\",\"item\":\"https:\\\/\\\/wine4u.dk\\\/?post_type=product\"},{\"@type\":\"ListItem\",\"position\":3,\"name\":\"Steenberg 1682, Chardonnay, Brut, Western Cape, Sydafrika\"}]},{\"@type\":\"WebSite\",\"@id\":\"https:\\\/\\\/wine4u.dk\\\/#website\",\"url\":\"https:\\\/\\\/wine4u.dk\\\/\",\"name\":\"Wine4U.dk\",\"description\":\"\",\"potentialAction\":[{\"@type\":\"SearchAction\",\"target\":{\"@type\":\"EntryPoint\",\"urlTemplate\":\"https:\\\/\\\/wine4u.dk\\\/?s={search_term_string}\"},\"query-input\":{\"@type\":\"PropertyValueSpecification\",\"valueRequired\":true,\"valueName\":\"search_term_string\"}}],\"inLanguage\":\"da-DK\"}]}<\/script>\n<!-- \/ Yoast SEO plugin. -->","yoast_head_json":{"title":"Steenberg 1682, Chardonnay, Brut, Western Cape, Sydafrika - Wine4U.dk","robots":{"index":"index","follow":"follow","max-snippet":"max-snippet:-1","max-image-preview":"max-image-preview:large","max-video-preview":"max-video-preview:-1"},"canonical":"https:\/\/wine4u.dk\/?product=steenberg-1682-chardonnay-brut-western-cape-sydafrika","og_locale":"da_DK","og_type":"article","og_title":"Steenberg 1682, Chardonnay, Brut, Western Cape, Sydafrika - Wine4U.dk","og_description":"Steenberg 1682 Brut Chardonnay har en lys citrongul farve og en fin, delikat mousse. Den udstr\u00e5ler friskhed og ren frugt i duften, med livlige noter af Granny Smith\u2011\u00e6ble, kandiseret citronskal og hvid fersken. I munden er den livlig og viser b\u00e5de finesse og kompleksitet med en spr\u00f8d syre. Smagsnoterne byder p\u00e5 lemon cordial, honnings\u00f8de nektariner, [&hellip;]","og_url":"https:\/\/wine4u.dk\/?product=steenberg-1682-chardonnay-brut-western-cape-sydafrika","og_site_name":"Wine4U.dk","article_modified_time":"2026-03-01T19:36:40+00:00","og_image":[{"width":1920,"height":2560,"url":"https:\/\/wine4u.dk\/wp-content\/uploads\/2026\/02\/img_5947-scaled.jpeg","type":"image\/jpeg"}],"twitter_card":"summary_large_image","twitter_misc":{"Estimeret l\u00e6setid":"1 minut"},"schema":{"@context":"https:\/\/schema.org","@graph":[{"@type":"WebPage","@id":"https:\/\/wine4u.dk\/?product=steenberg-1682-chardonnay-brut-western-cape-sydafrika","url":"https:\/\/wine4u.dk\/?product=steenberg-1682-chardonnay-brut-western-cape-sydafrika","name":"Steenberg 1682, Chardonnay, Brut, Western Cape, Sydafrika - Wine4U.dk","isPartOf":{"@id":"https:\/\/wine4u.dk\/#website"},"primaryImageOfPage":{"@id":"https:\/\/wine4u.dk\/?product=steenberg-1682-chardonnay-brut-western-cape-sydafrika#primaryimage"},"image":{"@id":"https:\/\/wine4u.dk\/?product=steenberg-1682-chardonnay-brut-western-cape-sydafrika#primaryimage"},"thumbnailUrl":"https:\/\/wine4u.dk\/wp-content\/uploads\/2026\/02\/img_5947-scaled.jpeg","datePublished":"2026-02-26T21:02:36+00:00","dateModified":"2026-03-01T19:36:40+00:00","breadcrumb":{"@id":"https:\/\/wine4u.dk\/?product=steenberg-1682-chardonnay-brut-western-cape-sydafrika#breadcrumb"},"inLanguage":"da-DK","potentialAction":[{"@type":"ReadAction","target":["https:\/\/wine4u.dk\/?product=steenberg-1682-chardonnay-brut-western-cape-sydafrika"]}]},{"@type":"ImageObject","inLanguage":"da-DK","@id":"https:\/\/wine4u.dk\/?product=steenberg-1682-chardonnay-brut-western-cape-sydafrika#primaryimage","url":"https:\/\/wine4u.dk\/wp-content\/uploads\/2026\/02\/img_5947-scaled.jpeg","contentUrl":"https:\/\/wine4u.dk\/wp-content\/uploads\/2026\/02\/img_5947-scaled.jpeg","width":1920,"height":2560},{"@type":"BreadcrumbList","@id":"https:\/\/wine4u.dk\/?product=steenberg-1682-chardonnay-brut-western-cape-sydafrika#breadcrumb","itemListElement":[{"@type":"ListItem","position":1,"name":"Hjem","item":"https:\/\/wine4u.dk\/"},{"@type":"ListItem","position":2,"name":"Varer","item":"https:\/\/wine4u.dk\/?post_type=product"},{"@type":"ListItem","position":3,"name":"Steenberg 1682, Chardonnay, Brut, Western Cape, Sydafrika"}]},{"@type":"WebSite","@id":"https:\/\/wine4u.dk\/#website","url":"https:\/\/wine4u.dk\/","name":"Wine4U.dk","description":"","potentialAction":[{"@type":"SearchAction","target":{"@type":"EntryPoint","urlTemplate":"https:\/\/wine4u.dk\/?s={search_term_string}"},"query-input":{"@type":"PropertyValueSpecification","valueRequired":true,"valueName":"search_term_string"}}],"inLanguage":"da-DK"}]}},"jetpack_sharing_enabled":true,"_links":{"self":[{"href":"https:\/\/wine4u.dk\/index.php?rest_route=\/wp\/v2\/product\/1116","targetHints":{"allow":["GET"]}}],"collection":[{"href":"https:\/\/wine4u.dk\/index.php?rest_route=\/wp\/v2\/product"}],"about":[{"href":"https:\/\/wine4u.dk\/index.php?rest_route=\/wp\/v2\/types\/product"}],"replies":[{"embeddable":true,"href":"https:\/\/wine4u.dk\/index.php?rest_route=%2Fwp%2Fv2%2Fcomments&post=1116"}],"wp:featuredmedia":[{"embeddable":true,"href":"https:\/\/wine4u.dk\/index.php?rest_route=\/wp\/v2\/media\/1115"}],"wp:attachment":[{"href":"https:\/\/wine4u.dk\/index.php?rest_route=%2Fwp%2Fv2%2Fmedia&parent=1116"}],"wp:term":[{"taxonomy":"product_brand","embeddable":true,"href":"https:\/\/wine4u.dk\/index.php?rest_route=%2Fwp%2Fv2%2Fproduct_brand&post=1116"},{"taxonomy":"product_cat","embeddable":true,"href":"https:\/\/wine4u.dk\/index.php?rest_route=%2Fwp%2Fv2%2Fproduct_cat&post=1116"},{"taxonomy":"product_tag","embeddable":true,"href":"https:\/\/wine4u.dk\/index.php?rest_route=%2Fwp%2Fv2%2Fproduct_tag&post=1116"}],"curies":[{"name":"wp","href":"https:\/\/api.w.org\/{rel}","templated":true}]}}